{"id":3761,"date":"2024-06-03T07:37:06","date_gmt":"2024-06-03T07:37:06","guid":{"rendered":"https:\/\/huentelmann.menke5.de\/avtryck\/"},"modified":"2024-11-11T13:10:50","modified_gmt":"2024-11-11T13:10:50","slug":"avtryck","status":"publish","type":"page","link":"https:\/\/huentelmann.menke5.de\/sv\/avtryck\/","title":{"rendered":"Avtryck"},"content":{"rendered":"<div class=\"fusion-fullwidth fullwidth-box fusion-builder-row-1 fusion-flex-container has-pattern-background has-mask-background nonhundred-percent-fullwidth non-hundred-percent-height-scrolling\" style=\"--awb-border-radius-top-left:0px;--awb-border-radius-top-right:0px;--awb-border-radius-bottom-right:0px;--awb-border-radius-bottom-left:0px;--awb-flex-wrap:wrap;\" ><div class=\"fusion-builder-row fusion-row fusion-flex-align-items-flex-start fusion-flex-content-wrap\" style=\"max-width:1512px;margin-left: calc(-5% \/ 2 );margin-right: calc(-5% \/ 2 );\"><div class=\"fusion-layout-column fusion_builder_column fusion-builder-column-0 fusion_builder_column_1_1 1_1 fusion-flex-column\" style=\"--awb-bg-size:cover;--awb-width-large:100%;--awb-margin-top-large:0px;--awb-spacing-right-large:2.375%;--awb-margin-bottom-large:0px;--awb-spacing-left-large:2.375%;--awb-width-medium:100%;--awb-order-medium:0;--awb-spacing-right-medium:2.375%;--awb-spacing-left-medium:2.375%;--awb-width-small:100%;--awb-order-small:0;--awb-spacing-right-small:2.375%;--awb-spacing-left-small:2.375%;\"><div class=\"fusion-column-wrapper fusion-column-has-shadow fusion-flex-justify-content-flex-start fusion-content-layout-column\"><div class=\"fusion-text fusion-text-1\"><h1>Avtryck<\/h1>\n<p> H\u00fcntelmann Maschinen- und Stahlbau GmbH &amp; Co. KG Gro\u00dfe-Kreuz-Str. 5 49751 Werpeloh<\/p>\n<p> Handelsregister: HRA 120770 Registerdomstol: Osnabr\u00fccks lokala domstol<\/p>\n<p><strong>F\u00f6retr\u00e4dd av:<\/strong><br \/> H\u00fcntelmann Verwaltungs- und Beteiligung GmbH<\/p>\n<p>F\u00f6retr\u00e4dda av:<\/p>\n<p> Bernhard H\u00fcntelmann J\u00fcrgen H\u00fcntelmann<\/p>\n<p> Handelsregister: HRB121021 Registerdomstol: Osnabr\u00fccks lokala domstol<\/p>\n<h2>Kontakta oss<\/h2>\n<p> Telefon: 05952 9394 &#8211; 0 Fax: 05952 9394 &#8211; 10 E-post: info@huentelmann.com<\/p>\n<h2>ID f\u00f6r f\u00f6rs\u00e4ljningsskatt<\/h2>\n<p> Identifikationsnummer f\u00f6r merv\u00e4rdesskatt i enlighet med \u00a7 27 a i merv\u00e4rdesskattelagen: DE 219 326 205<\/p>\n<h2>EU:s tvistl\u00f6sning<\/h2>\n<p>Europeiska kommissionen tillhandah\u00e5ller en plattform f\u00f6r tvistl\u00f6sning online (OS): <a href=\"https:\/\/ec.europa.eu\/consumers\/odr\/\" target=\"_blank\" rel=\"noopener noreferrer\">https:\/\/ec.europa.eu\/consumers\/odr\/.<\/a><br \/> Du hittar v\u00e5r e-postadress i det juridiska meddelandet ovan.<\/p>\n<h2>L\u00f6sning av konsumenttvister\/universellt skiljedomscenter<\/h2>\n<p>Vi \u00e4r inte villiga eller skyldiga att delta i tvistl\u00f6sningsf\u00f6rfaranden inf\u00f6r en skiljen\u00e4mnd f\u00f6r konsumenter.<\/p>\n<\/div><\/div><\/div><\/div><\/div>\n","protected":false},"excerpt":{"rendered":"","protected":false},"author":1,"featured_media":0,"parent":0,"menu_order":0,"comment_status":"closed","ping_status":"closed","template":"","meta":{"_acf_changed":false,"footnotes":""},"class_list":["post-3761","page","type-page","status-publish","hentry"],"acf":[],"_links":{"self":[{"href":"https:\/\/huentelmann.menke5.de\/sv\/wp-json\/wp\/v2\/pages\/3761","targetHints":{"allow":["GET"]}}],"collection":[{"href":"https:\/\/huentelmann.menke5.de\/sv\/wp-json\/wp\/v2\/pages"}],"about":[{"href":"https:\/\/huentelmann.menke5.de\/sv\/wp-json\/wp\/v2\/types\/page"}],"author":[{"embeddable":true,"href":"https:\/\/huentelmann.menke5.de\/sv\/wp-json\/wp\/v2\/users\/1"}],"replies":[{"embeddable":true,"href":"https:\/\/huentelmann.menke5.de\/sv\/wp-json\/wp\/v2\/comments?post=3761"}],"version-history":[{"count":1,"href":"https:\/\/huentelmann.menke5.de\/sv\/wp-json\/wp\/v2\/pages\/3761\/revisions"}],"predecessor-version":[{"id":3767,"href":"https:\/\/huentelmann.menke5.de\/sv\/wp-json\/wp\/v2\/pages\/3761\/revisions\/3767"}],"wp:attachment":[{"href":"https:\/\/huentelmann.menke5.de\/sv\/wp-json\/wp\/v2\/media?parent=3761"}],"curies":[{"name":"wp","href":"https:\/\/api.w.org\/{rel}","templated":true}]}}